

{"id":7,"date":"2018-11-10T09:06:29","date_gmt":"2018-11-10T08:06:29","guid":{"rendered":"http:\/\/botanika-centrum.pl\/?page_id=7"},"modified":"2023-04-19T12:22:38","modified_gmt":"2023-04-19T10:22:38","slug":"botanika-centrum-pielegnacji-i-urody-jastrzebie-zdroj","status":"publish","type":"page","link":"http:\/\/botanika-centrum.pl\/","title":{"rendered":"Botanika &#8211; Centrum Piel\u0119gnacji i Urody Jastrz\u0119bie &#8211; Zdr\u00f3j"},"content":{"rendered":"","protected":false},"excerpt":{"rendered":"","protected":false},"author":1,"featured_media":0,"parent":0,"menu_order":0,"comment_status":"closed","ping_status":"closed","template":"tmpl_glowna.php","meta":{"footnotes":""},"acf":[],"_links":{"self":[{"href":"http:\/\/botanika-centrum.pl\/index.php?rest_route=\/wp\/v2\/pages\/7"}],"collection":[{"href":"http:\/\/botanika-centrum.pl\/index.php?rest_route=\/wp\/v2\/pages"}],"about":[{"href":"http:\/\/botanika-centrum.pl\/index.php?rest_route=\/wp\/v2\/types\/page"}],"author":[{"embeddable":true,"href":"http:\/\/botanika-centrum.pl\/index.php?rest_route=\/wp\/v2\/users\/1"}],"replies":[{"embeddable":true,"href":"http:\/\/botanika-centrum.pl\/index.php?rest_route=%2Fwp%2Fv2%2Fcomments&post=7"}],"version-history":[{"count":78,"href":"http:\/\/botanika-centrum.pl\/index.php?rest_route=\/wp\/v2\/pages\/7\/revisions"}],"predecessor-version":[{"id":278,"href":"http:\/\/botanika-centrum.pl\/index.php?rest_route=\/wp\/v2\/pages\/7\/revisions\/278"}],"wp:attachment":[{"href":"http:\/\/botanika-centrum.pl\/index.php?rest_route=%2Fwp%2Fv2%2Fmedia&parent=7"}],"curies":[{"name":"wp","href":"https:\/\/api.w.org\/{rel}","templated":true}]}}